{"id":96,"date":"2025-10-21T18:03:59","date_gmt":"2025-10-21T16:03:59","guid":{"rendered":"https:\/\/www.oleificiolaselva.it\/?post_type=product&#038;p=96"},"modified":"2025-10-30T13:09:36","modified_gmt":"2025-10-30T12:09:36","slug":"bomboniera-maiolica-manico","status":"publish","type":"product","link":"https:\/\/oleificiolaselva.it\/fr\/bomboniere\/bomboniera-maiolica-manico\/","title":{"rendered":"Poign\u00e9e en majolique"},"content":{"rendered":"<p>\u00c9l\u00e9gance et tradition se conjuguent dans cette bouteille exclusive en majolique d\u00e9cor\u00e9e \u00e0 la main, gardienne de la pr\u00e9cieuse huile d'olive extra vierge La Selva. Les motifs bleus raffin\u00e9s sur fond blanc rappellent le style m\u00e9diterran\u00e9en, transformant un simple r\u00e9cipient en un objet design \u00e0 collectionner ou \u00e0 offrir. \u00c0 l'int\u00e9rieur, une huile EVO de la plus haute qualit\u00e9, obtenue \u00e0 partir d'olives s\u00e9lectionn\u00e9es et press\u00e9es \u00e0 froid, \u00e0 l'ar\u00f4me fruit\u00e9 et \u00e0 la saveur intense et harmonieuse.<br \/>\nUn produit qui apporte \u00e0 la table non seulement la saveur, mais aussi la beaut\u00e9 authentique des traditions des Pouilles.<\/p>","protected":false},"excerpt":{"rendered":"<p>Huile La Selva EVO en majolique d\u00e9cor\u00e9e \u00e0 la main : go\u00fbt authentique et design m\u00e9diterran\u00e9en, parfait comme cadeau.<\/p>","protected":false},"featured_media":385,"comment_status":"closed","ping_status":"closed","template":"","meta":{"_et_pb_use_builder":"","_et_pb_old_content":"","_et_gb_content_width":""},"product_brand":[],"product_cat":[26],"product_tag":[],"class_list":{"0":"post-96","1":"product","2":"type-product","3":"status-publish","4":"has-post-thumbnail","6":"product_cat-bomboniere","8":"first","9":"instock","10":"shipping-taxable","11":"purchasable","12":"product-type-variable","13":"add-to-wishlist-before_image"},"_links":{"self":[{"href":"https:\/\/oleificiolaselva.it\/fr\/wp-json\/wp\/v2\/product\/96","targetHints":{"allow":["GET"]}}],"collection":[{"href":"https:\/\/oleificiolaselva.it\/fr\/wp-json\/wp\/v2\/product"}],"about":[{"href":"https:\/\/oleificiolaselva.it\/fr\/wp-json\/wp\/v2\/types\/product"}],"replies":[{"embeddable":true,"href":"https:\/\/oleificiolaselva.it\/fr\/wp-json\/wp\/v2\/comments?post=96"}],"wp:featuredmedia":[{"embeddable":true,"href":"https:\/\/oleificiolaselva.it\/fr\/wp-json\/wp\/v2\/media\/385"}],"wp:attachment":[{"href":"https:\/\/oleificiolaselva.it\/fr\/wp-json\/wp\/v2\/media?parent=96"}],"wp:term":[{"taxonomy":"product_brand","embeddable":true,"href":"https:\/\/oleificiolaselva.it\/fr\/wp-json\/wp\/v2\/product_brand?post=96"},{"taxonomy":"product_cat","embeddable":true,"href":"https:\/\/oleificiolaselva.it\/fr\/wp-json\/wp\/v2\/product_cat?post=96"},{"taxonomy":"product_tag","embeddable":true,"href":"https:\/\/oleificiolaselva.it\/fr\/wp-json\/wp\/v2\/product_tag?post=96"}],"curies":[{"name":"wp","href":"https:\/\/api.w.org\/{rel}","templated":true}]}}