{"id":94,"date":"2025-10-21T18:03:59","date_gmt":"2025-10-21T16:03:59","guid":{"rendered":"https:\/\/www.oleificiolaselva.it\/?post_type=product&#038;p=94"},"modified":"2026-03-27T12:47:09","modified_gmt":"2026-03-27T11:47:09","slug":"bomboniera-con-rilievo-rosa","status":"publish","type":"product","link":"https:\/\/oleificiolaselva.it\/fr\/bomboniere\/bomboniera-con-rilievo-rosa\/","title":{"rendered":"Faveur gaufr\u00e9e rose"},"content":{"rendered":"<p>Un objet de collection qui raconte l'histoire des Pouilles dans toute son authenticit\u00e9. L'huile d'olive extra vierge La Selva est pr\u00e9sent\u00e9e dans une \u00e9l\u00e9gante bouteille en c\u00e9ramique faite \u00e0 la main, con\u00e7ue pour rendre toute table sp\u00e9ciale ou devenir un cadeau de grande classe. Le design unique est associ\u00e9 \u00e0 une huile EVO de la plus haute qualit\u00e9, fruit d'olives s\u00e9lectionn\u00e9es et press\u00e9es \u00e0 froid, au go\u00fbt intense et harmonieux. Un produit qui allie saveur, beaut\u00e9 et tradition, parfait \u00e0 offrir ou \u00e0 s'offrir comme une exp\u00e9rience sensorielle quotidienne.<\/p>","protected":false},"excerpt":{"rendered":"<p>L'huile d'olive extra vierge La Selva dans une \u00e9l\u00e9gante bouteille en c\u00e9ramique fabriqu\u00e9e \u00e0 la main : un go\u00fbt authentique et un design exclusif, id\u00e9al pour apporter \u00e0 table ou pour offrir.<\/p>","protected":false},"featured_media":384,"comment_status":"closed","ping_status":"closed","template":"","meta":{"_et_pb_use_builder":"","_et_pb_old_content":"","_et_gb_content_width":""},"product_brand":[],"product_cat":[26],"product_tag":[],"class_list":{"0":"post-94","1":"product","2":"type-product","3":"status-publish","4":"has-post-thumbnail","6":"product_cat-bomboniere","8":"first","9":"instock","10":"shipping-taxable","11":"purchasable","12":"product-type-variable","13":"add-to-wishlist-before_image"},"_links":{"self":[{"href":"https:\/\/oleificiolaselva.it\/fr\/wp-json\/wp\/v2\/product\/94","targetHints":{"allow":["GET"]}}],"collection":[{"href":"https:\/\/oleificiolaselva.it\/fr\/wp-json\/wp\/v2\/product"}],"about":[{"href":"https:\/\/oleificiolaselva.it\/fr\/wp-json\/wp\/v2\/types\/product"}],"replies":[{"embeddable":true,"href":"https:\/\/oleificiolaselva.it\/fr\/wp-json\/wp\/v2\/comments?post=94"}],"wp:featuredmedia":[{"embeddable":true,"href":"https:\/\/oleificiolaselva.it\/fr\/wp-json\/wp\/v2\/media\/384"}],"wp:attachment":[{"href":"https:\/\/oleificiolaselva.it\/fr\/wp-json\/wp\/v2\/media?parent=94"}],"wp:term":[{"taxonomy":"product_brand","embeddable":true,"href":"https:\/\/oleificiolaselva.it\/fr\/wp-json\/wp\/v2\/product_brand?post=94"},{"taxonomy":"product_cat","embeddable":true,"href":"https:\/\/oleificiolaselva.it\/fr\/wp-json\/wp\/v2\/product_cat?post=94"},{"taxonomy":"product_tag","embeddable":true,"href":"https:\/\/oleificiolaselva.it\/fr\/wp-json\/wp\/v2\/product_tag?post=94"}],"curies":[{"name":"wp","href":"https:\/\/api.w.org\/{rel}","templated":true}]}}