{"id":55,"date":"2025-10-21T18:03:35","date_gmt":"2025-10-21T16:03:35","guid":{"rendered":"https:\/\/www.oleificiolaselva.it\/?post_type=product&#038;p=55"},"modified":"2026-03-25T13:29:52","modified_gmt":"2026-03-25T12:29:52","slug":"olio-extravergine-doliva-aromatizzato-al-tartufo","status":"publish","type":"product","link":"https:\/\/oleificiolaselva.it\/fr\/aromatizzato\/olio-extravergine-doliva-aromatizzato-al-tartufo\/","title":{"rendered":"Huile d'olive extra vierge aromatis\u00e9e \u00e0 la truffe"},"content":{"rendered":"<p>El\u00e9gante et pleine de caract\u00e8re, cette huile aromatis\u00e9e lib\u00e8re tout l'ar\u00f4me intense de la truffe, transformant les plats les plus simples en cr\u00e9ations gustatives sophistiqu\u00e9es. Un condiment pr\u00e9cieux et polyvalent, parfait pour ceux qui aiment les saveurs d\u00e9cisives et enveloppantes.<br \/>\nAccords recommand\u00e9s<br \/>\nId\u00e9al brut, le :<br \/>\n- Spaghetti et p\u00e2tes fra\u00eeches<br \/>\n- Riz et risottos<br \/>\n- Bruschette<br \/>\n- Focacce<br \/>\n- Pizzas gourmandes<br \/>\nIngr\u00e9dients : Huile d'olive extra vierge, ar\u00f4me de truffe.<\/p>","protected":false},"excerpt":{"rendered":"<p>El\u00e9gant et enveloppant, il lib\u00e8re l'ar\u00f4me incomparable de la truffe pour des plats sophistiqu\u00e9s.<\/p>","protected":false},"featured_media":479,"comment_status":"closed","ping_status":"closed","template":"","meta":{"_et_pb_use_builder":"","_et_pb_old_content":"","_et_gb_content_width":""},"product_brand":[],"product_cat":[23,17],"product_tag":[],"class_list":{"0":"post-55","1":"product","2":"type-product","3":"status-publish","4":"has-post-thumbnail","6":"product_cat-aromatizzato","7":"product_cat-idee-regalo","8":"product_shipping_class-leggero","10":"first","11":"instock","12":"shipping-taxable","13":"purchasable","14":"product-type-variable","15":"add-to-wishlist-before_image"},"_links":{"self":[{"href":"https:\/\/oleificiolaselva.it\/fr\/wp-json\/wp\/v2\/product\/55","targetHints":{"allow":["GET"]}}],"collection":[{"href":"https:\/\/oleificiolaselva.it\/fr\/wp-json\/wp\/v2\/product"}],"about":[{"href":"https:\/\/oleificiolaselva.it\/fr\/wp-json\/wp\/v2\/types\/product"}],"replies":[{"embeddable":true,"href":"https:\/\/oleificiolaselva.it\/fr\/wp-json\/wp\/v2\/comments?post=55"}],"wp:featuredmedia":[{"embeddable":true,"href":"https:\/\/oleificiolaselva.it\/fr\/wp-json\/wp\/v2\/media\/479"}],"wp:attachment":[{"href":"https:\/\/oleificiolaselva.it\/fr\/wp-json\/wp\/v2\/media?parent=55"}],"wp:term":[{"taxonomy":"product_brand","embeddable":true,"href":"https:\/\/oleificiolaselva.it\/fr\/wp-json\/wp\/v2\/product_brand?post=55"},{"taxonomy":"product_cat","embeddable":true,"href":"https:\/\/oleificiolaselva.it\/fr\/wp-json\/wp\/v2\/product_cat?post=55"},{"taxonomy":"product_tag","embeddable":true,"href":"https:\/\/oleificiolaselva.it\/fr\/wp-json\/wp\/v2\/product_tag?post=55"}],"curies":[{"name":"wp","href":"https:\/\/api.w.org\/{rel}","templated":true}]}}