{"id":54,"date":"2025-10-21T18:03:34","date_gmt":"2025-10-21T16:03:34","guid":{"rendered":"https:\/\/www.oleificiolaselva.it\/?post_type=product&#038;p=54"},"modified":"2026-03-25T13:35:55","modified_gmt":"2026-03-25T12:35:55","slug":"olio-extravergine-doliva-aromatizzato-alla-menta","status":"publish","type":"product","link":"https:\/\/oleificiolaselva.it\/fr\/aromatizzato\/olio-extravergine-doliva-aromatizzato-alla-menta\/","title":{"rendered":"Huile d'olive extra vierge aromatis\u00e9e \u00e0 la menthe"},"content":{"rendered":"<p>Fra\u00eeche, aromatique et surprenante, cette huile aromatis\u00e9e renferme l'un des ar\u00f4mes les plus typiques et inimitables des Pouilles. Sa saveur vive et son ar\u00f4me intense et piquant la rendent id\u00e9ale pour apporter fra\u00eecheur et originalit\u00e9 \u00e0 vos plats.<br \/>\nAccords recommand\u00e9s<br \/>\nId\u00e9al \u00e0 l'\u00e9tat brut, en particulier sur :<br \/>\n- L\u00e9gumes grill\u00e9s<br \/>\n- Focacce<br \/>\n- Bruschette<br \/>\nIngr\u00e9dients : Huile d'olive extra vierge, ar\u00f4me naturel de menthe.<\/p>","protected":false},"excerpt":{"rendered":"<p>Frais et aromatique, il donne de l'originalit\u00e9 et de la vivacit\u00e9 \u00e0 vos plats avec des notes herbac\u00e9es typiques des Pouilles.<\/p>","protected":false},"featured_media":475,"comment_status":"closed","ping_status":"closed","template":"","meta":{"_et_pb_use_builder":"","_et_pb_old_content":"","_et_gb_content_width":""},"product_brand":[],"product_cat":[23,17],"product_tag":[],"class_list":{"0":"post-54","1":"product","2":"type-product","3":"status-publish","4":"has-post-thumbnail","6":"product_cat-aromatizzato","7":"product_cat-idee-regalo","8":"product_shipping_class-leggero","10":"first","11":"instock","12":"shipping-taxable","13":"purchasable","14":"product-type-variable","15":"add-to-wishlist-before_image"},"_links":{"self":[{"href":"https:\/\/oleificiolaselva.it\/fr\/wp-json\/wp\/v2\/product\/54","targetHints":{"allow":["GET"]}}],"collection":[{"href":"https:\/\/oleificiolaselva.it\/fr\/wp-json\/wp\/v2\/product"}],"about":[{"href":"https:\/\/oleificiolaselva.it\/fr\/wp-json\/wp\/v2\/types\/product"}],"replies":[{"embeddable":true,"href":"https:\/\/oleificiolaselva.it\/fr\/wp-json\/wp\/v2\/comments?post=54"}],"wp:featuredmedia":[{"embeddable":true,"href":"https:\/\/oleificiolaselva.it\/fr\/wp-json\/wp\/v2\/media\/475"}],"wp:attachment":[{"href":"https:\/\/oleificiolaselva.it\/fr\/wp-json\/wp\/v2\/media?parent=54"}],"wp:term":[{"taxonomy":"product_brand","embeddable":true,"href":"https:\/\/oleificiolaselva.it\/fr\/wp-json\/wp\/v2\/product_brand?post=54"},{"taxonomy":"product_cat","embeddable":true,"href":"https:\/\/oleificiolaselva.it\/fr\/wp-json\/wp\/v2\/product_cat?post=54"},{"taxonomy":"product_tag","embeddable":true,"href":"https:\/\/oleificiolaselva.it\/fr\/wp-json\/wp\/v2\/product_tag?post=54"}],"curies":[{"name":"wp","href":"https:\/\/api.w.org\/{rel}","templated":true}]}}