{"id":52,"date":"2025-10-21T18:03:34","date_gmt":"2025-10-21T16:03:34","guid":{"rendered":"https:\/\/www.oleificiolaselva.it\/?post_type=product&#038;p=52"},"modified":"2026-03-25T13:34:06","modified_gmt":"2026-03-25T12:34:06","slug":"olio-extravergine-doliva-aromatizzato-al-fungo-porcino","status":"publish","type":"product","link":"https:\/\/oleificiolaselva.it\/fr\/aromatizzato\/olio-extravergine-doliva-aromatizzato-al-fungo-porcino\/","title":{"rendered":"Huile d'olive extra vierge aromatis\u00e9e aux c\u00e8pes"},"content":{"rendered":"<p>Un condiment au parfum et \u00e0 l'ar\u00f4me intenses, id\u00e9al pour ceux qui aiment les saveurs fortes et la praticit\u00e9 en cuisine. L'huile de c\u00e8pe est un alli\u00e9 polyvalent, parfait pour enrichir chaque plat d'une touche raffin\u00e9e et savoureuse.<br \/>\nAccords recommand\u00e9s<br \/>\nA utiliser cru pour rehausser :<br \/>\n- Entr\u00e9es (risottos, p\u00e2tes)<br \/>\n- Sauces \u00e0 base de tomates<br \/>\n- Viande rouge<br \/>\n- Bruschette et cro\u00fbtons<br \/>\n- Pains plats et pizzas<br \/>\nIngr\u00e9dients : Huile d'olive extra vierge, ar\u00f4me de c\u00e8pe.<\/p>","protected":false},"excerpt":{"rendered":"<p>Une huile \u00e0 l'ar\u00f4me intense, id\u00e9ale pour enrichir les plats avec une touche raffin\u00e9e et d\u00e9cisive.<\/p>","protected":false},"featured_media":477,"comment_status":"closed","ping_status":"closed","template":"","meta":{"_et_pb_use_builder":"","_et_pb_old_content":"","_et_gb_content_width":""},"product_brand":[],"product_cat":[23,17],"product_tag":[],"class_list":{"0":"post-52","1":"product","2":"type-product","3":"status-publish","4":"has-post-thumbnail","6":"product_cat-aromatizzato","7":"product_cat-idee-regalo","8":"product_shipping_class-leggero","10":"first","11":"instock","12":"shipping-taxable","13":"purchasable","14":"product-type-variable","15":"add-to-wishlist-before_image"},"_links":{"self":[{"href":"https:\/\/oleificiolaselva.it\/fr\/wp-json\/wp\/v2\/product\/52","targetHints":{"allow":["GET"]}}],"collection":[{"href":"https:\/\/oleificiolaselva.it\/fr\/wp-json\/wp\/v2\/product"}],"about":[{"href":"https:\/\/oleificiolaselva.it\/fr\/wp-json\/wp\/v2\/types\/product"}],"replies":[{"embeddable":true,"href":"https:\/\/oleificiolaselva.it\/fr\/wp-json\/wp\/v2\/comments?post=52"}],"wp:featuredmedia":[{"embeddable":true,"href":"https:\/\/oleificiolaselva.it\/fr\/wp-json\/wp\/v2\/media\/477"}],"wp:attachment":[{"href":"https:\/\/oleificiolaselva.it\/fr\/wp-json\/wp\/v2\/media?parent=52"}],"wp:term":[{"taxonomy":"product_brand","embeddable":true,"href":"https:\/\/oleificiolaselva.it\/fr\/wp-json\/wp\/v2\/product_brand?post=52"},{"taxonomy":"product_cat","embeddable":true,"href":"https:\/\/oleificiolaselva.it\/fr\/wp-json\/wp\/v2\/product_cat?post=52"},{"taxonomy":"product_tag","embeddable":true,"href":"https:\/\/oleificiolaselva.it\/fr\/wp-json\/wp\/v2\/product_tag?post=52"}],"curies":[{"name":"wp","href":"https:\/\/api.w.org\/{rel}","templated":true}]}}