{"id":51,"date":"2025-10-21T18:03:34","date_gmt":"2025-10-21T16:03:34","guid":{"rendered":"https:\/\/www.oleificiolaselva.it\/?post_type=product&#038;p=51"},"modified":"2026-03-25T13:32:49","modified_gmt":"2026-03-25T12:32:49","slug":"olio-extravergine-doliva-con-limoni-freschi","status":"publish","type":"product","link":"https:\/\/oleificiolaselva.it\/fr\/aromatizzato\/olio-extravergine-doliva-con-limoni-freschi\/","title":{"rendered":"Huile d'olive extra vierge et citrons frais"},"content":{"rendered":"<p>Issu du pressage conjoint d'olives et de citrons fra\u00eechement cueillis, ce condiment d\u00e9gage au nez et en bouche un parfum et une saveur de citron intenses, avec d'agr\u00e9ables notes d'agrumes et une l\u00e9g\u00e8re acidit\u00e9 naturelle.<br \/>\nAccords recommand\u00e9s<br \/>\nId\u00e9al \u00e0 utiliser cru pour rehausser la saveur des aliments :<br \/>\n- Carpaccio de viande et de poisson<br \/>\n- Viande blanche<br \/>\n- Salade de poulpe<br \/>\n- Salades vertes<br \/>\n- L\u00e9gumes grill\u00e9s<br \/>\n- Sucreries et glaces<br \/>\nIngr\u00e9dients : Olives, citrons.<\/p>","protected":false},"excerpt":{"rendered":"<p>Un condiment frais et citronn\u00e9 fabriqu\u00e9 \u00e0 partir du pressage conjoint d'olives et de citrons fra\u00eechement cueillis.<\/p>","protected":false},"featured_media":478,"comment_status":"closed","ping_status":"closed","template":"","meta":{"_et_pb_use_builder":"","_et_pb_old_content":"","_et_gb_content_width":""},"product_brand":[],"product_cat":[23,17],"product_tag":[],"class_list":{"0":"post-51","1":"product","2":"type-product","3":"status-publish","4":"has-post-thumbnail","6":"product_cat-aromatizzato","7":"product_cat-idee-regalo","8":"product_shipping_class-leggero","10":"first","11":"instock","12":"shipping-taxable","13":"purchasable","14":"product-type-variable","15":"add-to-wishlist-before_image"},"_links":{"self":[{"href":"https:\/\/oleificiolaselva.it\/fr\/wp-json\/wp\/v2\/product\/51","targetHints":{"allow":["GET"]}}],"collection":[{"href":"https:\/\/oleificiolaselva.it\/fr\/wp-json\/wp\/v2\/product"}],"about":[{"href":"https:\/\/oleificiolaselva.it\/fr\/wp-json\/wp\/v2\/types\/product"}],"replies":[{"embeddable":true,"href":"https:\/\/oleificiolaselva.it\/fr\/wp-json\/wp\/v2\/comments?post=51"}],"wp:featuredmedia":[{"embeddable":true,"href":"https:\/\/oleificiolaselva.it\/fr\/wp-json\/wp\/v2\/media\/478"}],"wp:attachment":[{"href":"https:\/\/oleificiolaselva.it\/fr\/wp-json\/wp\/v2\/media?parent=51"}],"wp:term":[{"taxonomy":"product_brand","embeddable":true,"href":"https:\/\/oleificiolaselva.it\/fr\/wp-json\/wp\/v2\/product_brand?post=51"},{"taxonomy":"product_cat","embeddable":true,"href":"https:\/\/oleificiolaselva.it\/fr\/wp-json\/wp\/v2\/product_cat?post=51"},{"taxonomy":"product_tag","embeddable":true,"href":"https:\/\/oleificiolaselva.it\/fr\/wp-json\/wp\/v2\/product_tag?post=51"}],"curies":[{"name":"wp","href":"https:\/\/api.w.org\/{rel}","templated":true}]}}