{"id":45,"date":"2025-10-21T18:03:33","date_gmt":"2025-10-21T16:03:33","guid":{"rendered":"https:\/\/www.oleificiolaselva.it\/?post_type=product&#038;p=45"},"modified":"2026-03-25T13:36:17","modified_gmt":"2026-03-25T12:36:17","slug":"olio-extravergine-doliva-fruttato-leggero-monovarietale-frantoio-500-ml","status":"publish","type":"product","link":"https:\/\/oleificiolaselva.it\/fr\/idee-regalo\/olio-extravergine-doliva-fruttato-leggero-monovarietale-frantoio-500-ml\/","title":{"rendered":"Huile d'olive vierge extra Fruit\u00e9 l\u00e9ger, Monovarietal Frantoio - 500 ml"},"content":{"rendered":"<p data-start=\"0\" data-end=\"79\">Monovarietale di eccellenza, di variet\u00e0 Frantoio. L\u2019anima gentile dell\u2019oliva.<\/p>\n<p data-start=\"81\" data-end=\"552\"><strong data-start=\"81\" data-end=\"98\">Notes po\u00e9tiques<\/strong><br data-start=\"98\" data-end=\"101\" \/>Chaque goutte renferme le myst\u00e8re de la po\u00e9sie et le parfum de la terre d'o\u00f9 elle jaillit. Vers\u00e9e dans l'assiette, elle s'ouvre en larmes qui caressent le palais : c'est un souffle d'univers, une \u00e9treinte de sensations gratifiantes.<br data-start=\"321\" data-end=\"324\" \/>LA SELVA Fruttato Leggero, monovarietale di variet\u00e0 Frantoio, \u00e8 come una notte rossa d\u2019autunno che sboccia nella primavera: ha il profumo della frutta e delle mandorle, l\u2019eco degli ulivi e il sussurro della bocca che l\u2019accoglie.<\/p>\n<p data-start=\"554\" data-end=\"728\"><strong data-start=\"554\" data-end=\"574\">Vari\u00e9t\u00e9s d'olives<\/strong><br data-start=\"574\" data-end=\"577\" \/>Monovarietale, ottenuto esclusivamente da olive della cultivar Frantoio, selezionata con cura per esprimere al meglio l\u2019identit\u00e0 del nostro territorio.<\/p>\n<p data-start=\"730\" data-end=\"1034\"><strong data-start=\"730\" data-end=\"752\">Analyse sensorielle<\/strong><br data-start=\"752\" data-end=\"755\" \/>Si presenta con un colore giallo-verde intenso. Al naso esprime un fruttato netto e avvolgente, con richiami di frutta fresca e mandorla. Il gusto, morbido e dolce con una chiusura armoniosa, ne fa un olio extravergine d&#8217;oliva versatile, perfetto tanto a crudo quanto in cottura.<\/p>\n<p data-start=\"1036\" data-end=\"1209\" data-is-last-node=\"\" data-is-only-node=\"\"><strong data-start=\"1036\" data-end=\"1063\">Accords recommand\u00e9s<\/strong><br data-start=\"1063\" data-end=\"1066\" \/>Id\u00e9al sur les salades compos\u00e9es, les poissons r\u00f4tis, les fromages frais et les viandes grill\u00e9es. Il accompagne \u00e9l\u00e9gamment tous les plats en rehaussant leurs saveurs et leurs ar\u00f4mes.<\/p>","protected":false},"excerpt":{"rendered":"<p>Olio Extravergine d\u2019Oliva pugliese, campagna 2025\/26, estratto a freddo e 100% prodotto in Italia. Fruttato leggero, bottiglia da 500 ml.<\/p>","protected":false},"featured_media":473,"comment_status":"closed","ping_status":"closed","template":"","meta":{"_et_pb_use_builder":"","_et_pb_old_content":"","_et_gb_content_width":""},"product_brand":[],"product_cat":[17,21],"product_tag":[],"class_list":{"0":"post-45","1":"product","2":"type-product","3":"status-publish","4":"has-post-thumbnail","6":"product_cat-idee-regalo","7":"product_cat-monovarietale","9":"first","10":"instock","11":"shipping-taxable","12":"purchasable","13":"product-type-variable","14":"add-to-wishlist-before_image"},"_links":{"self":[{"href":"https:\/\/oleificiolaselva.it\/fr\/wp-json\/wp\/v2\/product\/45","targetHints":{"allow":["GET"]}}],"collection":[{"href":"https:\/\/oleificiolaselva.it\/fr\/wp-json\/wp\/v2\/product"}],"about":[{"href":"https:\/\/oleificiolaselva.it\/fr\/wp-json\/wp\/v2\/types\/product"}],"replies":[{"embeddable":true,"href":"https:\/\/oleificiolaselva.it\/fr\/wp-json\/wp\/v2\/comments?post=45"}],"wp:featuredmedia":[{"embeddable":true,"href":"https:\/\/oleificiolaselva.it\/fr\/wp-json\/wp\/v2\/media\/473"}],"wp:attachment":[{"href":"https:\/\/oleificiolaselva.it\/fr\/wp-json\/wp\/v2\/media?parent=45"}],"wp:term":[{"taxonomy":"product_brand","embeddable":true,"href":"https:\/\/oleificiolaselva.it\/fr\/wp-json\/wp\/v2\/product_brand?post=45"},{"taxonomy":"product_cat","embeddable":true,"href":"https:\/\/oleificiolaselva.it\/fr\/wp-json\/wp\/v2\/product_cat?post=45"},{"taxonomy":"product_tag","embeddable":true,"href":"https:\/\/oleificiolaselva.it\/fr\/wp-json\/wp\/v2\/product_tag?post=45"}],"curies":[{"name":"wp","href":"https:\/\/api.w.org\/{rel}","templated":true}]}}