{"id":42,"date":"2025-10-21T18:03:33","date_gmt":"2025-10-21T16:03:33","guid":{"rendered":"https:\/\/www.oleificiolaselva.it\/?post_type=product&#038;p=42"},"modified":"2025-11-27T15:06:23","modified_gmt":"2025-11-27T14:06:23","slug":"olio-extravergine-di-oliva-lattina-5-litri","status":"publish","type":"product","link":"https:\/\/oleificiolaselva.it\/fr\/extravergine\/olio-extravergine-di-oliva-lattina-5-litri\/","title":{"rendered":"Huile d'olive extra vierge en bidon - 5 litres"},"content":{"rendered":"<p>Depuis au moins six mill\u00e9naires, les fruits de l'olivier sont utilis\u00e9s pour fabriquer ce que l'on appelle aujourd'hui \u201cle prince des condiments\u201d.<br \/>\nIl suffit de quelques astuces pour choisir la bonne. L'important est de le conna\u00eetre.<br \/>\nL'huile d'olive extra vierge provient directement du jus des olives et de rien d'autre. Tout commence par une bonne r\u00e9colte directement sur l'arbre, un traitement soigneux des olives et enfin une excellente conservation de l'huile.<br \/>\nLa r\u00e9colte des olives repr\u00e9sente indubitablement une m\u00e9thode qui pr\u00e9serve au mieux<br \/>\nl'int\u00e9grit\u00e9 du fruit et permet de le conserver plus longtemps. Il est essentiel d'\u00e9valuer le meilleur moment pour la r\u00e9colte, en tenant compte de l'\u00e9tat de maturit\u00e9, de la vari\u00e9t\u00e9 et de la tendance saisonni\u00e8re.<\/p>","protected":false},"excerpt":{"rendered":"<p>Huile d&#x27;olive extra vierge des Pouilles, extraite \u00e0 froid et portant la r\u00e9f\u00e9rence 100%, produite en Italie. En bidon de 5 litres.<\/p>\n<p>Vari\u00e9t\u00e9s d'olives : Compos\u00e9 d'un m\u00e9lange d'olives, cima di melfi, nociara, oliarola, leccino.<\/p>\n<p>Analyse sensorielle : Huile au fruit\u00e9 MOYEN \u00e0 l'olfaction avec d'\u00e9l\u00e9gantes notes d'amande. En bouche, au go\u00fbt CORPOU'X l\u00e9g\u00e8rement amer, elle est fine et enveloppante. Destin\u00e9e \u00e0 la consommation quotidienne, elle satisfera tous les palais.<\/p>\n<p>Associations : \u00e0 d\u00e9guster avec du poisson, de la viande, des l\u00e9gumineuses cuites.<\/p>","protected":false},"featured_media":368,"comment_status":"closed","ping_status":"closed","template":"","meta":{"_et_pb_use_builder":"","_et_pb_old_content":"","_et_gb_content_width":""},"product_brand":[],"product_cat":[18],"product_tag":[],"class_list":{"0":"post-42","1":"product","2":"type-product","3":"status-publish","4":"has-post-thumbnail","6":"product_cat-extravergine","7":"product_shipping_class-medio","9":"first","10":"instock","11":"shipping-taxable","12":"purchasable","13":"product-type-simple","14":"add-to-wishlist-before_image"},"_links":{"self":[{"href":"https:\/\/oleificiolaselva.it\/fr\/wp-json\/wp\/v2\/product\/42","targetHints":{"allow":["GET"]}}],"collection":[{"href":"https:\/\/oleificiolaselva.it\/fr\/wp-json\/wp\/v2\/product"}],"about":[{"href":"https:\/\/oleificiolaselva.it\/fr\/wp-json\/wp\/v2\/types\/product"}],"replies":[{"embeddable":true,"href":"https:\/\/oleificiolaselva.it\/fr\/wp-json\/wp\/v2\/comments?post=42"}],"wp:featuredmedia":[{"embeddable":true,"href":"https:\/\/oleificiolaselva.it\/fr\/wp-json\/wp\/v2\/media\/368"}],"wp:attachment":[{"href":"https:\/\/oleificiolaselva.it\/fr\/wp-json\/wp\/v2\/media?parent=42"}],"wp:term":[{"taxonomy":"product_brand","embeddable":true,"href":"https:\/\/oleificiolaselva.it\/fr\/wp-json\/wp\/v2\/product_brand?post=42"},{"taxonomy":"product_cat","embeddable":true,"href":"https:\/\/oleificiolaselva.it\/fr\/wp-json\/wp\/v2\/product_cat?post=42"},{"taxonomy":"product_tag","embeddable":true,"href":"https:\/\/oleificiolaselva.it\/fr\/wp-json\/wp\/v2\/product_tag?post=42"}],"curies":[{"name":"wp","href":"https:\/\/api.w.org\/{rel}","templated":true}]}}