{"id":138,"date":"2025-10-21T18:12:13","date_gmt":"2025-10-21T16:12:13","guid":{"rendered":"https:\/\/www.oleificiolaselva.it\/?post_type=product&#038;p=138"},"modified":"2025-10-30T15:17:21","modified_gmt":"2025-10-30T14:17:21","slug":"degustazione-gourmet","status":"publish","type":"product","link":"https:\/\/oleificiolaselva.it\/fr\/esperienze\/degustazione-gourmet\/","title":{"rendered":"D\u00e9gustation gourmande"},"content":{"rendered":"<p>Une visite pour d\u00e9couvrir le processus de production de l'huile d'olive extra vierge :<\/p>\n<ul>\n<li>De la r\u00e9colte des olives \u00e0 la conservation de l'huile<\/li>\n<li>Explication d\u00e9taill\u00e9e des \u00e9tapes de production<\/li>\n<li>D\u00e9gustation de 3 huiles vierges extra de notre propre production<\/li>\n<\/ul>\n<p>D\u00e9gustation<\/p>\n<ul class=\"ul1\">\n<li class=\"li1\">Penne all'arrabbiata \u00e0 l'huile de poivron aromatique<\/li>\n<li class=\"li1\">Fromage \u201cpendu\u201d de Caciocavallo\u201d<\/li>\n<li class=\"li1\">Focaccia laertina<\/li>\n<li class=\"li1\">Pain et huile d'olive La Selva Monovarietal Evo<\/li>\n<li class=\"li1\">Vins locaux<\/li>\n<\/ul>\n<p><em>Minimum 20 participants<\/em><\/p>","protected":false},"excerpt":{"rendered":"<p data-start=\"73\" data-end=\"417\">Un voyage \u00e0 la d\u00e9couverte de la production d'huile d'olive extra vierge, avec une visite guid\u00e9e et une d\u00e9gustation de 3 huiles. Suivi de d\u00e9gustations de cuisine locale : penne all'arrabbiata \u00e0 l'huile de piment, caciocavallo impiccato, focaccia, pain et huile La Selva Evo et vin local. <em data-start=\"390\" data-end=\"415\">Minimum 20 participants.<\/em><\/p>","protected":false},"featured_media":142,"comment_status":"closed","ping_status":"closed","template":"","meta":{"_et_pb_use_builder":"","_et_pb_old_content":"","_et_gb_content_width":""},"product_brand":[],"product_cat":[22],"product_tag":[],"class_list":{"0":"post-138","1":"product","2":"type-product","3":"status-publish","4":"has-post-thumbnail","6":"product_cat-esperienze","8":"first","9":"instock","10":"virtual","11":"sold-individually","12":"purchasable","13":"product-type-booking","14":"add-to-wishlist-before_image"},"_links":{"self":[{"href":"https:\/\/oleificiolaselva.it\/fr\/wp-json\/wp\/v2\/product\/138","targetHints":{"allow":["GET"]}}],"collection":[{"href":"https:\/\/oleificiolaselva.it\/fr\/wp-json\/wp\/v2\/product"}],"about":[{"href":"https:\/\/oleificiolaselva.it\/fr\/wp-json\/wp\/v2\/types\/product"}],"replies":[{"embeddable":true,"href":"https:\/\/oleificiolaselva.it\/fr\/wp-json\/wp\/v2\/comments?post=138"}],"wp:featuredmedia":[{"embeddable":true,"href":"https:\/\/oleificiolaselva.it\/fr\/wp-json\/wp\/v2\/media\/142"}],"wp:attachment":[{"href":"https:\/\/oleificiolaselva.it\/fr\/wp-json\/wp\/v2\/media?parent=138"}],"wp:term":[{"taxonomy":"product_brand","embeddable":true,"href":"https:\/\/oleificiolaselva.it\/fr\/wp-json\/wp\/v2\/product_brand?post=138"},{"taxonomy":"product_cat","embeddable":true,"href":"https:\/\/oleificiolaselva.it\/fr\/wp-json\/wp\/v2\/product_cat?post=138"},{"taxonomy":"product_tag","embeddable":true,"href":"https:\/\/oleificiolaselva.it\/fr\/wp-json\/wp\/v2\/product_tag?post=138"}],"curies":[{"name":"wp","href":"https:\/\/api.w.org\/{rel}","templated":true}]}}