{"id":137,"date":"2025-10-21T18:12:13","date_gmt":"2025-10-21T16:12:13","guid":{"rendered":"https:\/\/www.oleificiolaselva.it\/?post_type=product&#038;p=137"},"modified":"2025-10-30T15:26:02","modified_gmt":"2025-10-30T14:26:02","slug":"degustazione-tradizione-sapori","status":"publish","type":"product","link":"https:\/\/oleificiolaselva.it\/fr\/esperienze\/degustazione-tradizione-sapori\/","title":{"rendered":"D\u00e9gustation - Tradition et saveurs"},"content":{"rendered":"<p class=\"p1\">Une visite pour d\u00e9couvrir le processus de production de l'huile d'olive extra vierge :<\/p>\n<ul class=\"ul1\">\n<li class=\"li1\">De la r\u00e9colte des olives \u00e0 la conservation de l'huile<\/li>\n<li class=\"li1\">Explication d\u00e9taill\u00e9e des \u00e9tapes de production<\/li>\n<li class=\"li1\">D\u00e9gustation de 3 huiles vierges extra de notre propre production<br \/>\nUne exp\u00e9rience \u00e9ducative et sensorielle pour apprendre \u00e0 reconna\u00eetre une huile de qualit\u00e9.<\/li>\n<\/ul>\n<p>D\u00e9gustation<\/p>\n<ul class=\"ul1\">\n<li class=\"li2\">Pain et huile d'olive La Selva<\/li>\n<li class=\"li2\">Focaccia<\/li>\n<li class=\"li2\">Piments \u00e9pic\u00e9s dans une sauce \u00e0 l'huile piment\u00e9e<\/li>\n<li class=\"li2\">L\u00e9gumes grill\u00e9s avec de l'huile aromatis\u00e9e \u00e0 la menthe<\/li>\n<li class=\"li2\">Pur\u00e9e de haricots blancs \u00e0 l'huile monovari\u00e9tale LA SELVA<\/li>\n<li class=\"li2\">\u0152ufs \u00e0 la coque \u00e0 l'huile aromatis\u00e9e de truffe et de citron<\/li>\n<li class=\"li2\">Capocollo di Martina Franca<\/li>\n<li class=\"li2\">Fromage Caciocavallo<\/li>\n<li class=\"li2\">Vin de pays<\/li>\n<\/ul>","protected":false},"excerpt":{"rendered":"<p data-start=\"424\" data-end=\"743\">Visite du moulin \u00e0 huile avec explication des phases de production et d\u00e9gustation de 3 huiles. Exp\u00e9rience sensorielle enrichie par un menu vari\u00e9 compos\u00e9 de pain et de focaccia, de l\u00e9gumes grill\u00e9s, de pur\u00e9e de f\u00e8ves, d'\u0153ufs aux huiles aromatis\u00e9es, de charcuterie et de fromages typiques, le tout accompagn\u00e9 de vin local.<\/p>","protected":false},"featured_media":141,"comment_status":"closed","ping_status":"closed","template":"","meta":{"_et_pb_use_builder":"","_et_pb_old_content":"","_et_gb_content_width":""},"product_brand":[],"product_cat":[22],"product_tag":[],"class_list":{"0":"post-137","1":"product","2":"type-product","3":"status-publish","4":"has-post-thumbnail","6":"product_cat-esperienze","8":"first","9":"instock","10":"virtual","11":"sold-individually","12":"purchasable","13":"product-type-booking","14":"add-to-wishlist-before_image"},"_links":{"self":[{"href":"https:\/\/oleificiolaselva.it\/fr\/wp-json\/wp\/v2\/product\/137","targetHints":{"allow":["GET"]}}],"collection":[{"href":"https:\/\/oleificiolaselva.it\/fr\/wp-json\/wp\/v2\/product"}],"about":[{"href":"https:\/\/oleificiolaselva.it\/fr\/wp-json\/wp\/v2\/types\/product"}],"replies":[{"embeddable":true,"href":"https:\/\/oleificiolaselva.it\/fr\/wp-json\/wp\/v2\/comments?post=137"}],"wp:featuredmedia":[{"embeddable":true,"href":"https:\/\/oleificiolaselva.it\/fr\/wp-json\/wp\/v2\/media\/141"}],"wp:attachment":[{"href":"https:\/\/oleificiolaselva.it\/fr\/wp-json\/wp\/v2\/media?parent=137"}],"wp:term":[{"taxonomy":"product_brand","embeddable":true,"href":"https:\/\/oleificiolaselva.it\/fr\/wp-json\/wp\/v2\/product_brand?post=137"},{"taxonomy":"product_cat","embeddable":true,"href":"https:\/\/oleificiolaselva.it\/fr\/wp-json\/wp\/v2\/product_cat?post=137"},{"taxonomy":"product_tag","embeddable":true,"href":"https:\/\/oleificiolaselva.it\/fr\/wp-json\/wp\/v2\/product_tag?post=137"}],"curies":[{"name":"wp","href":"https:\/\/api.w.org\/{rel}","templated":true}]}}