{"id":136,"date":"2025-10-21T18:12:13","date_gmt":"2025-10-21T16:12:13","guid":{"rendered":"https:\/\/www.oleificiolaselva.it\/?post_type=product&#038;p=136"},"modified":"2025-10-30T15:27:11","modified_gmt":"2025-10-30T14:27:11","slug":"degustazione-tipica","status":"publish","type":"product","link":"https:\/\/oleificiolaselva.it\/fr\/esperienze\/degustazione-tipica\/","title":{"rendered":"D\u00e9gustation typique"},"content":{"rendered":"<p>Une visite pour d\u00e9couvrir le processus de production de l'huile d'olive extra vierge :<\/p>\n<ul>\n<li>De la r\u00e9colte des olives \u00e0 la conservation de l'huile<\/li>\n<li>Explication d\u00e9taill\u00e9e des \u00e9tapes de production<\/li>\n<li>D\u00e9gustation de 3 huiles vierges extra de notre propre production<br \/>\nUne exp\u00e9rience \u00e9ducative et sensorielle pour apprendre \u00e0 reconna\u00eetre une huile de qualit\u00e9.<\/li>\n<\/ul>\n<p>D\u00e9gustation<\/p>\n<ul>\n<li class=\"li1\">Pain typique de Laertine cuit dans un four \u00e0 bois<\/li>\n<li class=\"li1\">Huile d'olive extra vierge monovari\u00e9tale La Selva<\/li>\n<li class=\"li1\">Focaccia \u00e0 l'huile EVO \u201cLa Selva\u201d<\/li>\n<li class=\"li1\">Un verre de vin local<\/li>\n<\/ul>","protected":false},"excerpt":{"rendered":"<p data-start=\"72\" data-end=\"303\">Visite guid\u00e9e des phases de production de l'huile d'olive extra vierge avec d\u00e9gustation de 3 huiles. Suivi d'une d\u00e9gustation de pain typique, de focaccia, d'huile monovari\u00e9tale La Selva et d'un verre de vin local.<\/p>","protected":false},"featured_media":140,"comment_status":"closed","ping_status":"closed","template":"","meta":{"_et_pb_use_builder":"","_et_pb_old_content":"","_et_gb_content_width":""},"product_brand":[],"product_cat":[22],"product_tag":[],"class_list":{"0":"post-136","1":"product","2":"type-product","3":"status-publish","4":"has-post-thumbnail","6":"product_cat-esperienze","8":"first","9":"instock","10":"virtual","11":"sold-individually","12":"purchasable","13":"product-type-booking","14":"add-to-wishlist-before_image"},"_links":{"self":[{"href":"https:\/\/oleificiolaselva.it\/fr\/wp-json\/wp\/v2\/product\/136","targetHints":{"allow":["GET"]}}],"collection":[{"href":"https:\/\/oleificiolaselva.it\/fr\/wp-json\/wp\/v2\/product"}],"about":[{"href":"https:\/\/oleificiolaselva.it\/fr\/wp-json\/wp\/v2\/types\/product"}],"replies":[{"embeddable":true,"href":"https:\/\/oleificiolaselva.it\/fr\/wp-json\/wp\/v2\/comments?post=136"}],"wp:featuredmedia":[{"embeddable":true,"href":"https:\/\/oleificiolaselva.it\/fr\/wp-json\/wp\/v2\/media\/140"}],"wp:attachment":[{"href":"https:\/\/oleificiolaselva.it\/fr\/wp-json\/wp\/v2\/media?parent=136"}],"wp:term":[{"taxonomy":"product_brand","embeddable":true,"href":"https:\/\/oleificiolaselva.it\/fr\/wp-json\/wp\/v2\/product_brand?post=136"},{"taxonomy":"product_cat","embeddable":true,"href":"https:\/\/oleificiolaselva.it\/fr\/wp-json\/wp\/v2\/product_cat?post=136"},{"taxonomy":"product_tag","embeddable":true,"href":"https:\/\/oleificiolaselva.it\/fr\/wp-json\/wp\/v2\/product_tag?post=136"}],"curies":[{"name":"wp","href":"https:\/\/api.w.org\/{rel}","templated":true}]}}