{"id":135,"date":"2025-10-21T18:12:13","date_gmt":"2025-10-21T16:12:13","guid":{"rendered":"https:\/\/www.oleificiolaselva.it\/?post_type=product&#038;p=135"},"modified":"2025-10-30T15:28:27","modified_gmt":"2025-10-30T14:28:27","slug":"visita-guidata-gratuita","status":"publish","type":"product","link":"https:\/\/oleificiolaselva.it\/fr\/esperienze\/visita-guidata-gratuita\/","title":{"rendered":"Visite guid\u00e9e gratuite"},"content":{"rendered":"<p>Une visite pour d\u00e9couvrir le processus de production de l'huile d'olive extra vierge :<\/p>\n<ul>\n<li>De la r\u00e9colte des olives \u00e0 la conservation de l'huile<\/li>\n<li>Explication d\u00e9taill\u00e9e des \u00e9tapes de production<\/li>\n<li>D\u00e9gustation de 3 huiles vierges extra de notre propre production<br \/>\nUne exp\u00e9rience \u00e9ducative et sensorielle pour apprendre \u00e0 reconna\u00eetre une huile de qualit\u00e9.<\/li>\n<\/ul>\n<p>Gratuit - Dur\u00e9e : 45 minutes<\/p>","protected":false},"excerpt":{"rendered":"<p data-start=\"310\" data-end=\"525\">Une visite \u00e9ducative de 45 minutes pour d\u00e9couvrir la fabrication de l'huile d'olive extra vierge : de la r\u00e9colte \u00e0 la conservation, avec d\u00e9gustation de 3 huiles de notre propre production. <em data-start=\"501\" data-end=\"523\">Exp\u00e9rience gratuite.<\/em><\/p>","protected":false},"featured_media":139,"comment_status":"closed","ping_status":"closed","template":"","meta":{"_et_pb_use_builder":"","_et_pb_old_content":"","_et_gb_content_width":""},"product_brand":[],"product_cat":[22],"product_tag":[],"class_list":{"0":"post-135","1":"product","2":"type-product","3":"status-publish","4":"has-post-thumbnail","6":"product_cat-esperienze","8":"first","9":"instock","10":"virtual","11":"sold-individually","12":"purchasable","13":"product-type-booking","14":"add-to-wishlist-before_image"},"_links":{"self":[{"href":"https:\/\/oleificiolaselva.it\/fr\/wp-json\/wp\/v2\/product\/135","targetHints":{"allow":["GET"]}}],"collection":[{"href":"https:\/\/oleificiolaselva.it\/fr\/wp-json\/wp\/v2\/product"}],"about":[{"href":"https:\/\/oleificiolaselva.it\/fr\/wp-json\/wp\/v2\/types\/product"}],"replies":[{"embeddable":true,"href":"https:\/\/oleificiolaselva.it\/fr\/wp-json\/wp\/v2\/comments?post=135"}],"wp:featuredmedia":[{"embeddable":true,"href":"https:\/\/oleificiolaselva.it\/fr\/wp-json\/wp\/v2\/media\/139"}],"wp:attachment":[{"href":"https:\/\/oleificiolaselva.it\/fr\/wp-json\/wp\/v2\/media?parent=135"}],"wp:term":[{"taxonomy":"product_brand","embeddable":true,"href":"https:\/\/oleificiolaselva.it\/fr\/wp-json\/wp\/v2\/product_brand?post=135"},{"taxonomy":"product_cat","embeddable":true,"href":"https:\/\/oleificiolaselva.it\/fr\/wp-json\/wp\/v2\/product_cat?post=135"},{"taxonomy":"product_tag","embeddable":true,"href":"https:\/\/oleificiolaselva.it\/fr\/wp-json\/wp\/v2\/product_tag?post=135"}],"curies":[{"name":"wp","href":"https:\/\/api.w.org\/{rel}","templated":true}]}}