{"id":97,"date":"2025-10-21T18:03:59","date_gmt":"2025-10-21T16:03:59","guid":{"rendered":"https:\/\/www.oleificiolaselva.it\/?post_type=product&#038;p=97"},"modified":"2026-02-09T10:57:12","modified_gmt":"2026-02-09T09:57:12","slug":"bomboniera-maiolica","status":"publish","type":"product","link":"https:\/\/oleificiolaselva.it\/de\/bomboniere\/bomboniera-maiolica\/","title":{"rendered":"Majolika Bomboniera"},"content":{"rendered":"<p>Eleganz und Tradition treffen in dieser exklusiven, handdekorierten Majolika-Flasche aufeinander, die das kostbare Oliven\u00f6l Extra Vergine La Selva beherbergt. Die raffinierten blauen Muster auf wei\u00dfem Grund erinnern an den mediterranen Stil und verwandeln einen einfachen Beh\u00e4lter in ein Sammlerst\u00fcck oder ein Geschenkobjekt aus Design. Im Inneren befindet sich ein EVO-\u00d6l von h\u00f6chster Qualit\u00e4t, gewonnen aus ausgew\u00e4hlten, kaltgepressten Oliven, mit einem fruchtigen Duft und einem intensiven, harmonischen Geschmack.<br \/>\nEin Produkt, das nicht nur Geschmack auf den Tisch bringt, sondern auch die authentische Sch\u00f6nheit der apulischen Traditionen.<\/p>","protected":false},"excerpt":{"rendered":"<p>Olio EVO La Selva in handbemalter Majolika: authentischer Geschmack und mediterranes Design, auch perfekt als Geschenk.<\/p>","protected":false},"featured_media":386,"comment_status":"closed","ping_status":"closed","template":"","meta":{"_et_pb_use_builder":"","_et_pb_old_content":"","_et_gb_content_width":""},"product_brand":[],"product_cat":[26],"product_tag":[],"class_list":{"0":"post-97","1":"product","2":"type-product","3":"status-publish","4":"has-post-thumbnail","6":"product_cat-bomboniere","8":"first","9":"instock","10":"shipping-taxable","11":"purchasable","12":"product-type-variable","13":"add-to-wishlist-before_image"},"_links":{"self":[{"href":"https:\/\/oleificiolaselva.it\/de\/wp-json\/wp\/v2\/product\/97","targetHints":{"allow":["GET"]}}],"collection":[{"href":"https:\/\/oleificiolaselva.it\/de\/wp-json\/wp\/v2\/product"}],"about":[{"href":"https:\/\/oleificiolaselva.it\/de\/wp-json\/wp\/v2\/types\/product"}],"replies":[{"embeddable":true,"href":"https:\/\/oleificiolaselva.it\/de\/wp-json\/wp\/v2\/comments?post=97"}],"wp:featuredmedia":[{"embeddable":true,"href":"https:\/\/oleificiolaselva.it\/de\/wp-json\/wp\/v2\/media\/386"}],"wp:attachment":[{"href":"https:\/\/oleificiolaselva.it\/de\/wp-json\/wp\/v2\/media?parent=97"}],"wp:term":[{"taxonomy":"product_brand","embeddable":true,"href":"https:\/\/oleificiolaselva.it\/de\/wp-json\/wp\/v2\/product_brand?post=97"},{"taxonomy":"product_cat","embeddable":true,"href":"https:\/\/oleificiolaselva.it\/de\/wp-json\/wp\/v2\/product_cat?post=97"},{"taxonomy":"product_tag","embeddable":true,"href":"https:\/\/oleificiolaselva.it\/de\/wp-json\/wp\/v2\/product_tag?post=97"}],"curies":[{"name":"wp","href":"https:\/\/api.w.org\/{rel}","templated":true}]}}