{"id":93,"date":"2025-10-21T18:03:59","date_gmt":"2025-10-21T16:03:59","guid":{"rendered":"https:\/\/www.oleificiolaselva.it\/?post_type=product&#038;p=93"},"modified":"2026-03-27T10:59:17","modified_gmt":"2026-03-27T09:59:17","slug":"bomboniera-con-rilievo-verde","status":"publish","type":"product","link":"https:\/\/oleificiolaselva.it\/de\/bomboniere\/bomboniera-con-rilievo-verde\/","title":{"rendered":"Favorit mit gr\u00fcnem Relief"},"content":{"rendered":"<p>Ein Sammlerst\u00fcck, das Apulien in seiner ganzen Authentizit\u00e4t erz\u00e4hlt. Das native Oliven\u00f6l extra La Selva wird in einer eleganten Flasche aus handgefertigter Keramik aufbewahrt, die dazu bestimmt ist, jeden Tisch zu versch\u00f6nern oder ein stilvolles Geschenk zu sein. Einzigartiges Design trifft auf hochwertiges natives Oliven\u00f6l extra, das aus ausgew\u00e4hlten Oliven gewonnen und kalt gepresst wird, mit einem intensiven und harmonischen Geschmack. Ein Produkt, das Geschmack, Sch\u00f6nheit und Tradition vereint, perfekt als Geschenk oder als t\u00e4gliches sinnliches Erlebnis.<\/p>","protected":false},"excerpt":{"rendered":"<p>La Selva Natives Oliven\u00f6l Extra in eleganter handgefertigter Keramikflasche: authentischer Geschmack und exklusives Design, ideal f\u00fcr den Tisch oder als Geschenk.<\/p>","protected":false},"featured_media":378,"comment_status":"closed","ping_status":"closed","template":"","meta":{"_et_pb_use_builder":"","_et_pb_old_content":"","_et_gb_content_width":""},"product_brand":[],"product_cat":[26],"product_tag":[],"class_list":{"0":"post-93","1":"product","2":"type-product","3":"status-publish","4":"has-post-thumbnail","6":"product_cat-bomboniere","8":"first","9":"instock","10":"shipping-taxable","11":"purchasable","12":"product-type-variable","13":"add-to-wishlist-before_image"},"_links":{"self":[{"href":"https:\/\/oleificiolaselva.it\/de\/wp-json\/wp\/v2\/product\/93","targetHints":{"allow":["GET"]}}],"collection":[{"href":"https:\/\/oleificiolaselva.it\/de\/wp-json\/wp\/v2\/product"}],"about":[{"href":"https:\/\/oleificiolaselva.it\/de\/wp-json\/wp\/v2\/types\/product"}],"replies":[{"embeddable":true,"href":"https:\/\/oleificiolaselva.it\/de\/wp-json\/wp\/v2\/comments?post=93"}],"wp:featuredmedia":[{"embeddable":true,"href":"https:\/\/oleificiolaselva.it\/de\/wp-json\/wp\/v2\/media\/378"}],"wp:attachment":[{"href":"https:\/\/oleificiolaselva.it\/de\/wp-json\/wp\/v2\/media?parent=93"}],"wp:term":[{"taxonomy":"product_brand","embeddable":true,"href":"https:\/\/oleificiolaselva.it\/de\/wp-json\/wp\/v2\/product_brand?post=93"},{"taxonomy":"product_cat","embeddable":true,"href":"https:\/\/oleificiolaselva.it\/de\/wp-json\/wp\/v2\/product_cat?post=93"},{"taxonomy":"product_tag","embeddable":true,"href":"https:\/\/oleificiolaselva.it\/de\/wp-json\/wp\/v2\/product_tag?post=93"}],"curies":[{"name":"wp","href":"https:\/\/api.w.org\/{rel}","templated":true}]}}