{"id":56,"date":"2025-10-21T18:03:35","date_gmt":"2025-10-21T16:03:35","guid":{"rendered":"https:\/\/www.oleificiolaselva.it\/?post_type=product&#038;p=56"},"modified":"2026-03-25T13:31:31","modified_gmt":"2026-03-25T12:31:31","slug":"olio-extravergine-doliva-fruttato-intenso-monovarietale-500ml","status":"publish","type":"product","link":"https:\/\/oleificiolaselva.it\/de\/idee-regalo\/olio-extravergine-doliva-fruttato-intenso-monovarietale-500ml\/","title":{"rendered":"Olio Extravergine d&#8217;Oliva Fruttato Intenso monovarietale &#8211; 500ml"},"content":{"rendered":"<p><strong>Monovarietal der Spitzenklasse - Picholine oder Coratina<\/strong><\/p>\n<p>Il suo sapore avvolge, come il calore di un camino acceso nelle sere d\u2019inverno. Il nostro Olio Extra Vergine d\u2019Oliva Etichetta Verde non si descrive: si gusta.<br \/>\nEs wird mit dem Verb schmecken konjugiert, in allen Zeiten und Modi, im Finitum und Infinitiv.<br \/>\nDer Mund spricht es aus, die Zunge streichelt es, die Lippen erz\u00e4hlen es - in einer alten Musik, die von Bauernschwei\u00df, reinem Wasser und der hei\u00dfen Sonne Apuliens erz\u00e4hlt.<\/p>\n<p>Nehmen Sie sich Zeit, es zu genie\u00dfen.<br \/>\nSp\u00fcren Sie den Geschmack, der aus den B\u00e4umen, den Feldern und den tiefen Wurzeln unseres Landes zu Ihnen kommt.<\/p>\n<p><strong>OLIVENSORTEN<\/strong><\/p>\n<p>Monovarietal, gewonnen aus der Sorte, die in der letzten \u00d6lkampagne am besten abgeschnitten hat:<br \/>\nPicholine oder Coratina, sorgf\u00e4ltig ausgew\u00e4hlt nach dem h\u00f6chsten Qualit\u00e4tsprofil des Jahrgangs.<\/p>\n<p><strong>SENSORISCHE ANALYSE<\/strong><\/p>\n<p>Ein \u00d6l f\u00fcr echte Kenner, perfekt f\u00fcr die besten Wettbewerbe und f\u00fcr die anspruchsvollsten Gaumen.<\/p>\n<p>Seine Farbe ist gr\u00fcnlich-gelb, lebhaft und intensiv.<br \/>\nIn der Nase entfaltet er eine volle, authentische Fruchtigkeit, die auf die Essenz der Oliven zur\u00fcckgeht.<br \/>\nDer Geschmack ist fest und bitter, elegant ausgewogen, mit einer Best\u00e4ndigkeit, die von seiner edlen Herkunft und der Leidenschaft, mit der er hergestellt wurde, zeugt.<\/p>\n<p>Passt zu vielen Gerichten: Genie\u00dfen Sie ihn zu Gem\u00fcsesalaten, mariniertem Fisch und rohen Fisch- und Gem\u00fcsesuppen.<\/p>","protected":false},"excerpt":{"rendered":"<p>Olio Extra Vergine d\u2019Oliva Etichetta Verde: monovarietale dal carattere deciso, colore giallo-verdognolo e profumo fruttato intenso. Un EVO pensato per i veri intenditori e per chi ama i sapori autentici della Puglia.<\/p>","protected":false},"featured_media":472,"comment_status":"closed","ping_status":"closed","template":"","meta":{"_et_pb_use_builder":"","_et_pb_old_content":"","_et_gb_content_width":""},"product_brand":[],"product_cat":[17,21],"product_tag":[],"class_list":{"0":"post-56","1":"product","2":"type-product","3":"status-publish","4":"has-post-thumbnail","6":"product_cat-idee-regalo","7":"product_cat-monovarietale","9":"first","10":"instock","11":"shipping-taxable","12":"purchasable","13":"product-type-variable","14":"add-to-wishlist-before_image"},"_links":{"self":[{"href":"https:\/\/oleificiolaselva.it\/de\/wp-json\/wp\/v2\/product\/56","targetHints":{"allow":["GET"]}}],"collection":[{"href":"https:\/\/oleificiolaselva.it\/de\/wp-json\/wp\/v2\/product"}],"about":[{"href":"https:\/\/oleificiolaselva.it\/de\/wp-json\/wp\/v2\/types\/product"}],"replies":[{"embeddable":true,"href":"https:\/\/oleificiolaselva.it\/de\/wp-json\/wp\/v2\/comments?post=56"}],"wp:featuredmedia":[{"embeddable":true,"href":"https:\/\/oleificiolaselva.it\/de\/wp-json\/wp\/v2\/media\/472"}],"wp:attachment":[{"href":"https:\/\/oleificiolaselva.it\/de\/wp-json\/wp\/v2\/media?parent=56"}],"wp:term":[{"taxonomy":"product_brand","embeddable":true,"href":"https:\/\/oleificiolaselva.it\/de\/wp-json\/wp\/v2\/product_brand?post=56"},{"taxonomy":"product_cat","embeddable":true,"href":"https:\/\/oleificiolaselva.it\/de\/wp-json\/wp\/v2\/product_cat?post=56"},{"taxonomy":"product_tag","embeddable":true,"href":"https:\/\/oleificiolaselva.it\/de\/wp-json\/wp\/v2\/product_tag?post=56"}],"curies":[{"name":"wp","href":"https:\/\/api.w.org\/{rel}","templated":true}]}}