{"id":52,"date":"2025-10-21T18:03:34","date_gmt":"2025-10-21T16:03:34","guid":{"rendered":"https:\/\/www.oleificiolaselva.it\/?post_type=product&#038;p=52"},"modified":"2026-03-25T13:34:06","modified_gmt":"2026-03-25T12:34:06","slug":"olio-extravergine-doliva-aromatizzato-al-fungo-porcino","status":"publish","type":"product","link":"https:\/\/oleificiolaselva.it\/de\/aromatizzato\/olio-extravergine-doliva-aromatizzato-al-fungo-porcino\/","title":{"rendered":"Natives Oliven\u00f6l extra mit Steinpilzgeschmack"},"content":{"rendered":"<p>Ein Gew\u00fcrz mit intensivem Duft und Aroma, ideal f\u00fcr alle, die starke Aromen und Praktisches in der K\u00fcche lieben. Steinpilz\u00f6l ist ein vielseitiger Verb\u00fcndeter, der jedes Gericht mit einer raffinierten und schmackhaften Note bereichert.<br \/>\nEmpfohlene Paarungen<br \/>\nRoh zu verwenden, um zu verbessern:<br \/>\n- Erste G\u00e4nge (Risottos, Nudeln)<br \/>\n- Tomatensaucen<br \/>\n- Rotes Fleisch<br \/>\n- Bruschette und Croutons<br \/>\n- Fladenbrote und Pizzen<br \/>\nZutaten: Natives Oliven\u00f6l extra, Steinpilz-Aroma.<\/p>","protected":false},"excerpt":{"rendered":"<p>Ein \u00d6l mit intensivem Aroma, ideal zum Verfeinern von Gerichten mit einer raffinierten und entscheidenden Note.<\/p>","protected":false},"featured_media":477,"comment_status":"closed","ping_status":"closed","template":"","meta":{"_et_pb_use_builder":"","_et_pb_old_content":"","_et_gb_content_width":""},"product_brand":[],"product_cat":[23,17],"product_tag":[],"class_list":{"0":"post-52","1":"product","2":"type-product","3":"status-publish","4":"has-post-thumbnail","6":"product_cat-aromatizzato","7":"product_cat-idee-regalo","8":"product_shipping_class-leggero","10":"first","11":"instock","12":"shipping-taxable","13":"purchasable","14":"product-type-variable","15":"add-to-wishlist-before_image"},"_links":{"self":[{"href":"https:\/\/oleificiolaselva.it\/de\/wp-json\/wp\/v2\/product\/52","targetHints":{"allow":["GET"]}}],"collection":[{"href":"https:\/\/oleificiolaselva.it\/de\/wp-json\/wp\/v2\/product"}],"about":[{"href":"https:\/\/oleificiolaselva.it\/de\/wp-json\/wp\/v2\/types\/product"}],"replies":[{"embeddable":true,"href":"https:\/\/oleificiolaselva.it\/de\/wp-json\/wp\/v2\/comments?post=52"}],"wp:featuredmedia":[{"embeddable":true,"href":"https:\/\/oleificiolaselva.it\/de\/wp-json\/wp\/v2\/media\/477"}],"wp:attachment":[{"href":"https:\/\/oleificiolaselva.it\/de\/wp-json\/wp\/v2\/media?parent=52"}],"wp:term":[{"taxonomy":"product_brand","embeddable":true,"href":"https:\/\/oleificiolaselva.it\/de\/wp-json\/wp\/v2\/product_brand?post=52"},{"taxonomy":"product_cat","embeddable":true,"href":"https:\/\/oleificiolaselva.it\/de\/wp-json\/wp\/v2\/product_cat?post=52"},{"taxonomy":"product_tag","embeddable":true,"href":"https:\/\/oleificiolaselva.it\/de\/wp-json\/wp\/v2\/product_tag?post=52"}],"curies":[{"name":"wp","href":"https:\/\/api.w.org\/{rel}","templated":true}]}}