{"id":41,"date":"2025-10-21T18:03:32","date_gmt":"2025-10-21T16:03:32","guid":{"rendered":"https:\/\/www.oleificiolaselva.it\/?post_type=product&#038;p=41"},"modified":"2025-11-27T15:07:40","modified_gmt":"2025-11-27T14:07:40","slug":"olio-extravergine-doliva-lattina-edizione-limitata-maiolica-3-litri","status":"publish","type":"product","link":"https:\/\/oleificiolaselva.it\/de\/extravergine\/olio-extravergine-doliva-lattina-edizione-limitata-maiolica-3-litri\/","title":{"rendered":"Natives Oliven\u00f6l Extra Dose Limited Edition Maiolica - 3 Liter"},"content":{"rendered":"<p>Seit mindestens sechstausend Jahren werden die Fr\u00fcchte des Olivenbaums genutzt, um das zu gewinnen, was heute als \u201cF\u00fcrst der Gew\u00fcrze\u201d bezeichnet wird.<br \/>\nEin paar Vorsichtsma\u00dfnahmen reichen aus, um das Richtige auszuw\u00e4hlen. Wichtig ist, es zu kennen.<br \/>\nOliven\u00f6l extra vergine entsteht direkt aus dem Saft der Oliven und sonst nichts. Alles beginnt mit einer guten Ernte direkt vom Baum, einer sorgf\u00e4ltigen Verarbeitung der Oliven und schlie\u00dflich einer ausgezeichneten Lagerung des \u00d6ls.<br \/>\nDie Olivenernte ist zweifellos eine Methode, die am besten erh\u00e4lt<br \/>\ndie Integrit\u00e4t der Frucht und erm\u00f6glicht eine l\u00e4ngere Haltbarkeit. Es ist unerl\u00e4sslich, den besten Zeitpunkt f\u00fcr die Ernte zu ermitteln, wobei der Reifegrad, die Sorte und der saisonale Verlauf zu ber\u00fccksichtigen sind.<\/p>","protected":false},"excerpt":{"rendered":"<p>Apulisches natives Oliven\u00f6l extra, Erntejahr 2025\/26, kaltgepresst und 100%, hergestellt in Italien. In einer 3-Liter-Dose.<\/p>\n<p>Olivensorten: Eine Mischung aus Cima di Melfi, Nociara, Oliarola und Leccino Oliven.<\/p>\n<p>Sensorische Analyse: \u00d6l mit einem MITTLEREN fruchtigen Geruch und eleganten Mandelnoten. Im Geschmack ist es VOLLMUNDIG, leicht bitterlich, fein und umh\u00fcllend. F\u00fcr den t\u00e4glichen Gebrauch geeignet, erfreut es jeden Gaumen.<\/p>\n<p>Kombinationen: zum Genie\u00dfen mit Fisch, Fleisch, gekochten H\u00fclsenfr\u00fcchten.<\/p>","protected":false},"featured_media":371,"comment_status":"closed","ping_status":"closed","template":"","meta":{"_et_pb_use_builder":"","_et_pb_old_content":"","_et_gb_content_width":""},"product_brand":[],"product_cat":[18],"product_tag":[],"class_list":{"0":"post-41","1":"product","2":"type-product","3":"status-publish","4":"has-post-thumbnail","6":"product_cat-extravergine","7":"product_shipping_class-medio","9":"first","10":"instock","11":"shipping-taxable","12":"purchasable","13":"product-type-simple","14":"add-to-wishlist-before_image"},"_links":{"self":[{"href":"https:\/\/oleificiolaselva.it\/de\/wp-json\/wp\/v2\/product\/41","targetHints":{"allow":["GET"]}}],"collection":[{"href":"https:\/\/oleificiolaselva.it\/de\/wp-json\/wp\/v2\/product"}],"about":[{"href":"https:\/\/oleificiolaselva.it\/de\/wp-json\/wp\/v2\/types\/product"}],"replies":[{"embeddable":true,"href":"https:\/\/oleificiolaselva.it\/de\/wp-json\/wp\/v2\/comments?post=41"}],"wp:featuredmedia":[{"embeddable":true,"href":"https:\/\/oleificiolaselva.it\/de\/wp-json\/wp\/v2\/media\/371"}],"wp:attachment":[{"href":"https:\/\/oleificiolaselva.it\/de\/wp-json\/wp\/v2\/media?parent=41"}],"wp:term":[{"taxonomy":"product_brand","embeddable":true,"href":"https:\/\/oleificiolaselva.it\/de\/wp-json\/wp\/v2\/product_brand?post=41"},{"taxonomy":"product_cat","embeddable":true,"href":"https:\/\/oleificiolaselva.it\/de\/wp-json\/wp\/v2\/product_cat?post=41"},{"taxonomy":"product_tag","embeddable":true,"href":"https:\/\/oleificiolaselva.it\/de\/wp-json\/wp\/v2\/product_tag?post=41"}],"curies":[{"name":"wp","href":"https:\/\/api.w.org\/{rel}","templated":true}]}}