{"id":38,"date":"2025-10-21T18:03:32","date_gmt":"2025-10-21T16:03:32","guid":{"rendered":"https:\/\/www.oleificiolaselva.it\/?post_type=product&#038;p=38"},"modified":"2026-03-27T11:01:05","modified_gmt":"2026-03-27T10:01:05","slug":"olio-extravergine-di-oliva-bottiglia-250ml","status":"publish","type":"product","link":"http:\/\/oleificiolaselva.it\/fr\/extravergine\/olio-extravergine-di-oliva-bottiglia-250ml\/","title":{"rendered":"Bouteille d'huile d'olive extra vierge - 250ml"},"content":{"rendered":"<p>Depuis au moins six mill\u00e9naires, les fruits de l'olivier sont utilis\u00e9s pour fabriquer ce que l'on appelle aujourd'hui \u201cle prince des condiments\u201d.<br \/>\nIl suffit de quelques astuces pour choisir la bonne. L'important est de le conna\u00eetre.<br \/>\nL'huile d'olive extra vierge provient directement du jus des olives et de rien d'autre. Tout commence par une bonne r\u00e9colte directement sur l'arbre, un traitement soigneux des olives et enfin une excellente conservation de l'huile.<br \/>\nLa raccolta delle olive rappresenta indubbiamente un metodo che preserva al meglio<br \/>\nl'int\u00e9grit\u00e9 du fruit et permet de le conserver plus longtemps. Il est essentiel d'\u00e9valuer le meilleur moment pour la r\u00e9colte, en tenant compte de l'\u00e9tat de maturit\u00e9, de la vari\u00e9t\u00e9 et de la tendance saisonni\u00e8re.<\/p>","protected":false},"excerpt":{"rendered":"<p>Variet\u00e0 di olive: Composta di un blend di olive, cima di melfi, nociara, oliarola, leccino.<\/p>\n<p>Analisi sensoriale: Olio dal fruttato MEDIO all&#8217;olfatto con eleganti note di mandorla. Dal gusto CORPOSO leggermente amarognolo in bocca \u00e8 fine ed avvolgente. Destinato al consumo quotidiano, accontenta tutti i palati.<\/p>\n<p>Abbinamenti: da gustare su pesce, carne, legumi cotti.<\/p>","protected":false},"featured_media":349,"comment_status":"closed","ping_status":"closed","template":"","meta":{"_et_pb_use_builder":"","_et_pb_old_content":"","_et_gb_content_width":""},"product_brand":[],"product_cat":[18,17],"product_tag":[],"class_list":{"0":"post-38","1":"product","2":"type-product","3":"status-publish","4":"has-post-thumbnail","6":"product_cat-extravergine","7":"product_cat-idee-regalo","8":"product_shipping_class-leggero","10":"first","11":"instock","12":"shipping-taxable","13":"purchasable","14":"product-type-variable","15":"has-default-attributes","16":"add-to-wishlist-before_image"},"_links":{"self":[{"href":"http:\/\/oleificiolaselva.it\/fr\/wp-json\/wp\/v2\/product\/38","targetHints":{"allow":["GET"]}}],"collection":[{"href":"http:\/\/oleificiolaselva.it\/fr\/wp-json\/wp\/v2\/product"}],"about":[{"href":"http:\/\/oleificiolaselva.it\/fr\/wp-json\/wp\/v2\/types\/product"}],"replies":[{"embeddable":true,"href":"http:\/\/oleificiolaselva.it\/fr\/wp-json\/wp\/v2\/comments?post=38"}],"wp:featuredmedia":[{"embeddable":true,"href":"http:\/\/oleificiolaselva.it\/fr\/wp-json\/wp\/v2\/media\/349"}],"wp:attachment":[{"href":"http:\/\/oleificiolaselva.it\/fr\/wp-json\/wp\/v2\/media?parent=38"}],"wp:term":[{"taxonomy":"product_brand","embeddable":true,"href":"http:\/\/oleificiolaselva.it\/fr\/wp-json\/wp\/v2\/product_brand?post=38"},{"taxonomy":"product_cat","embeddable":true,"href":"http:\/\/oleificiolaselva.it\/fr\/wp-json\/wp\/v2\/product_cat?post=38"},{"taxonomy":"product_tag","embeddable":true,"href":"http:\/\/oleificiolaselva.it\/fr\/wp-json\/wp\/v2\/product_tag?post=38"}],"curies":[{"name":"wp","href":"https:\/\/api.w.org\/{rel}","templated":true}]}}